{"id":28837,"date":"2023-03-28T15:15:15","date_gmt":"2023-03-28T13:15:15","guid":{"rendered":"http:\/\/gjkkayxhg.preview.infomaniak.website\/?page_id=28837"},"modified":"2026-02-13T09:43:45","modified_gmt":"2026-02-13T08:43:45","slug":"home","status":"publish","type":"page","link":"https:\/\/forestmoocforchange.eu\/de\/","title":{"rendered":"Home"},"content":{"rendered":"<div data-elementor-type=\"wp-post\" data-elementor-id=\"28837\" class=\"elementor elementor-28837\" data-elementor-post-type=\"page\">\n\t\t\t\t\t\t\t\t\t<section class=\"elementor-section elementor-top-section elementor-element elementor-element-d83ee25 elementor-section-boxed elementor-section-height-default elementor-section-height-default\" data-id=\"d83ee25\" data-element_type=\"section\" data-settings=\"{&quot;background_background&quot;:&quot;classic&quot;}\">\n\t\t\t\t\t\t<div class=\"elementor-container elementor-column-gap-default\">\n\t\t\t\t\t<div class=\"elementor-column elementor-col-50 elementor-top-column elementor-element elementor-element-6ba4569\" data-id=\"6ba4569\" data-element_type=\"column\">\n\t\t\t<div class=\"elementor-widget-wrap elementor-element-populated\">\n\t\t\t\t\t\t\t\t<div class=\"elementor-element elementor-element-e69a728 elementor-widget elementor-widget-theme-site-logo elementor-widget-image\" data-id=\"e69a728\" data-element_type=\"widget\" data-widget_type=\"theme-site-logo.default\">\n\t\t\t\t<div class=\"elementor-widget-container\">\n\t\t\t<style>\/*! elementor - v3.14.0 - 26-06-2023 *\/\n.elementor-widget-image{text-align:center}.elementor-widget-image a{display:inline-block}.elementor-widget-image a img[src$=\".svg\"]{width:48px}.elementor-widget-image img{vertical-align:middle;display:inline-block}<\/style>\t\t\t\t\t\t\t\t<img loading=\"lazy\" decoding=\"async\" width=\"1764\" height=\"661\" src=\"https:\/\/forestmoocforchange.eu\/wp-content\/uploads\/2023\/05\/horizontal.png\" class=\"attachment-full size-full wp-image-28960\" alt=\"\" srcset=\"https:\/\/forestmoocforchange.eu\/wp-content\/uploads\/2023\/05\/horizontal.png 1764w, https:\/\/forestmoocforchange.eu\/wp-content\/uploads\/2023\/05\/horizontal-300x112.png 300w, https:\/\/forestmoocforchange.eu\/wp-content\/uploads\/2023\/05\/horizontal-1024x384.png 1024w, https:\/\/forestmoocforchange.eu\/wp-content\/uploads\/2023\/05\/horizontal-768x288.png 768w, https:\/\/forestmoocforchange.eu\/wp-content\/uploads\/2023\/05\/horizontal-1536x576.png 1536w, https:\/\/forestmoocforchange.eu\/wp-content\/uploads\/2023\/05\/horizontal-18x7.png 18w\" sizes=\"auto, (max-width: 1764px) 100vw, 1764px\" \/>\t\t\t\t\t\t\t\t\t\t\t\t<\/div>\n\t\t\t\t<\/div>\n\t\t\t\t<div class=\"elementor-element elementor-element-efe0577 elementor-widget elementor-widget-heading\" data-id=\"efe0577\" data-element_type=\"widget\" data-widget_type=\"heading.default\">\n\t\t\t\t<div class=\"elementor-widget-container\">\n\t\t\t<style>\/*! elementor - v3.14.0 - 26-06-2023 *\/\n.elementor-heading-title{padding:0;margin:0;line-height:1}.elementor-widget-heading .elementor-heading-title[class*=elementor-size-]>a{color:inherit;font-size:inherit;line-height:inherit}.elementor-widget-heading .elementor-heading-title.elementor-size-small{font-size:15px}.elementor-widget-heading .elementor-heading-title.elementor-size-medium{font-size:19px}.elementor-widget-heading .elementor-heading-title.elementor-size-large{font-size:29px}.elementor-widget-heading .elementor-heading-title.elementor-size-xl{font-size:39px}.elementor-widget-heading .elementor-heading-title.elementor-size-xxl{font-size:59px}<\/style><h2 class=\"elementor-heading-title elementor-size-default\">F\u00fcnfte Session im Mai 2027<\/h2>\t\t<\/div>\n\t\t\t\t<\/div>\n\t\t\t\t<div class=\"elementor-element elementor-element-20ef3fa elementor-widget elementor-widget-heading\" data-id=\"20ef3fa\" data-element_type=\"widget\" data-widget_type=\"heading.default\">\n\t\t\t\t<div class=\"elementor-widget-container\">\n\t\t\t<h2 class=\"elementor-heading-title elementor-size-default\">Der erste kostenlose Online-Kurs \u00fcber die naturgem\u00e4\u00dfe Waldwirtschaft in Dauerw\u00e4ldern in drei Sprachen. Willkommen im Dauerwald!<\/h2>\t\t<\/div>\n\t\t\t\t<\/div>\n\t\t\t\t<div class=\"elementor-element elementor-element-69c7531 elementor-widget elementor-widget-video\" data-id=\"69c7531\" data-element_type=\"widget\" data-settings=\"{&quot;youtube_url&quot;:&quot;https:\\\/\\\/www.youtube.com\\\/watch?v=z7BwebzJZQs&quot;,&quot;video_type&quot;:&quot;youtube&quot;,&quot;controls&quot;:&quot;yes&quot;}\" data-no-translation=\"\" data-widget_type=\"video.default\">\n\t\t\t\t<div class=\"elementor-widget-container\">\n\t\t\t<style>\/*! elementor - v3.14.0 - 26-06-2023 *\/\n.elementor-widget-video .elementor-widget-container{overflow:hidden;transform:translateZ(0)}.elementor-widget-video .elementor-wrapper{aspect-ratio:var(--video-aspect-ratio)}.elementor-widget-video .elementor-wrapper iframe,.elementor-widget-video .elementor-wrapper video{height:100%;width:100%;display:flex;border:none;background-color:#000}@supports not (aspect-ratio:1\/1){.elementor-widget-video .elementor-wrapper{position:relative;overflow:hidden;height:0;padding-bottom:calc(100% \/ var(--video-aspect-ratio))}.elementor-widget-video .elementor-wrapper iframe,.elementor-widget-video .elementor-wrapper video{position:absolute;top:0;right:0;bottom:0;left:0}}.elementor-widget-video .elementor-open-inline .elementor-custom-embed-image-overlay{position:absolute;top:0;left:0;width:100%;height:100%;background-size:cover;background-position:50%}.elementor-widget-video .elementor-custom-embed-image-overlay{cursor:pointer;text-align:center}.elementor-widget-video .elementor-custom-embed-image-overlay:hover .elementor-custom-embed-play i{opacity:1}.elementor-widget-video .elementor-custom-embed-image-overlay img{display:block;width:100%}.elementor-widget-video .e-hosted-video .elementor-video{-o-object-fit:cover;object-fit:cover}.e-con-inner>.elementor-widget-video,.e-con>.elementor-widget-video{width:var(--container-widget-width);--flex-grow:var(--container-widget-flex-grow)}<\/style><style>.elementor-element-69c7531{display:none !important}<\/style>\t\t<\/div>\n\t\t\t\t<\/div>\n\t\t\t\t<div class=\"elementor-element elementor-element-4fc5c42 elementor-widget elementor-widget-video\" data-id=\"4fc5c42\" data-element_type=\"widget\" data-settings=\"{&quot;youtube_url&quot;:&quot;https:\\\/\\\/youtu.be\\\/LbuORqscTrk&quot;,&quot;video_type&quot;:&quot;youtube&quot;,&quot;controls&quot;:&quot;yes&quot;}\" data-no-translation=\"\" data-widget_type=\"video.default\">\n\t\t\t\t<div class=\"elementor-widget-container\">\n\t\t\t<style>.elementor-element-4fc5c42{display:none !important}<\/style>\t\t<\/div>\n\t\t\t\t<\/div>\n\t\t\t\t<div class=\"elementor-element elementor-element-43165fe elementor-widget elementor-widget-video\" data-id=\"43165fe\" data-element_type=\"widget\" data-settings=\"{&quot;youtube_url&quot;:&quot;https:\\\/\\\/youtu.be\\\/chFB0Lv_4kE&quot;,&quot;video_type&quot;:&quot;youtube&quot;,&quot;controls&quot;:&quot;yes&quot;}\" data-no-translation=\"\" data-widget_type=\"video.default\">\n\t\t\t\t<div class=\"elementor-widget-container\">\n\t\t\t\t\t<div class=\"elementor-wrapper elementor-open-inline\">\n\t\t\t<div class=\"elementor-video\"><\/div>\t\t<\/div>\n\t\t\t\t<\/div>\n\t\t\t\t<\/div>\n\t\t\t\t<div class=\"elementor-element elementor-element-7326727 elementor-widget elementor-widget-heading\" data-id=\"7326727\" data-element_type=\"widget\" data-widget_type=\"heading.default\">\n\t\t\t\t<div class=\"elementor-widget-container\">\n\t\t\t<p class=\"elementor-heading-title elementor-size-default\">Die Herausforderungen des Klimawandels verlangen nach einer \u00c4nderung der Waldbewirtschaftung. Waldbesitzenden, Waldinteressierten und \u00a0und Waldbewirtschaftenden sollen mit dem Projekt neues Wissen und relevante Kompetenzen vermittelt werden.<\/p>\t\t<\/div>\n\t\t\t\t<\/div>\n\t\t\t\t<div class=\"elementor-element elementor-element-ef208f4 elementor-hidden-desktop elementor-hidden-tablet elementor-hidden-mobile elementor-widget elementor-widget-button\" data-id=\"ef208f4\" data-element_type=\"widget\" data-widget_type=\"button.default\">\n\t\t\t\t<div class=\"elementor-widget-container\">\n\t\t\t\t\t<div class=\"elementor-button-wrapper\">\n\t\t\t<a class=\"elementor-button elementor-button-link elementor-size-sm\" href=\"https:\/\/mooc.forestmoocforchange.eu\/register?next=\/dashboard\" target=\"_blank\">\n\t\t\t\t\t\t<span class=\"elementor-button-content-wrapper\">\n\t\t\t\t\t\t<span class=\"elementor-button-text\">Jetzt mitmachen<\/span>\n\t\t<\/span>\n\t\t\t\t\t<\/a>\n\t\t<\/div>\n\t\t\t\t<\/div>\n\t\t\t\t<\/div>\n\t\t\t\t<div class=\"elementor-element elementor-element-e42da49 elementor-widget elementor-widget-button\" data-id=\"e42da49\" data-element_type=\"widget\" data-widget_type=\"button.default\">\n\t\t\t\t<div class=\"elementor-widget-container\">\n\t\t\t\t\t<div class=\"elementor-button-wrapper\">\n\t\t\t<a class=\"elementor-button elementor-button-link elementor-size-sm\" href=\"https:\/\/c57ef1fd.sibforms.com\/serve\/MUIFAFE8XnPUA1WiFhkbDpYT1IV1mfgzunG7KYKLBUCDR4kyKXLfscE1dJ0-h3r0-2c4YEovxsiuEPhjXnEuODOUrPktsDmCeizOB8yVy-MiOn2xCuhtnOkgJWax6kaD-pW4v4DSzRAZ8eziVhlu27IDfeIP7tu0UA89wLtxfu9vI0T1k1coZvWMzOUUs7ORo7pHN1IQiAITcxFk\" target=\"_blank\">\n\t\t\t\t\t\t<span class=\"elementor-button-content-wrapper\">\n\t\t\t\t\t\t<span class=\"elementor-button-text\">Voranmeldung<\/span>\n\t\t<\/span>\n\t\t\t\t\t<\/a>\n\t\t<\/div>\n\t\t\t\t<\/div>\n\t\t\t\t<\/div>\n\t\t\t\t<div class=\"elementor-element elementor-element-e0badaa elementor-widget elementor-widget-button\" data-id=\"e0badaa\" data-element_type=\"widget\" data-widget_type=\"button.default\">\n\t\t\t\t<div class=\"elementor-widget-container\">\n\t\t\t\t\t<div class=\"elementor-button-wrapper\">\n\t\t\t<a class=\"elementor-button elementor-button-link elementor-size-sm\" href=\"https:\/\/forestmoocforchange.eu\/de\/faq\/\">\n\t\t\t\t\t\t<span class=\"elementor-button-content-wrapper\">\n\t\t\t\t\t\t<span class=\"elementor-button-text\">H\u00e4ufig gestellte Fragen<\/span>\n\t\t<\/span>\n\t\t\t\t\t<\/a>\n\t\t<\/div>\n\t\t\t\t<\/div>\n\t\t\t\t<\/div>\n\t\t\t\t<div class=\"elementor-element elementor-element-0f33c69 elementor-widget elementor-widget-button\" data-id=\"0f33c69\" data-element_type=\"widget\" data-widget_type=\"button.default\">\n\t\t\t\t<div class=\"elementor-widget-container\">\n\t\t\t\t\t<div class=\"elementor-button-wrapper\">\n\t\t\t<a class=\"elementor-button elementor-button-link elementor-size-sm\" href=\"https:\/\/forestmoocforchange.eu\/de\/partners\/\">\n\t\t\t\t\t\t<span class=\"elementor-button-content-wrapper\">\n\t\t\t\t\t\t<span class=\"elementor-button-text\">Partner ansehen<\/span>\n\t\t<\/span>\n\t\t\t\t\t<\/a>\n\t\t<\/div>\n\t\t\t\t<\/div>\n\t\t\t\t<\/div>\n\t\t\t\t<div class=\"elementor-element elementor-element-4b21a50 elementor-widget__width-initial elementor-widget elementor-widget-image\" data-id=\"4b21a50\" data-element_type=\"widget\" data-widget_type=\"image.default\">\n\t\t\t\t<div class=\"elementor-widget-container\">\n\t\t\t\t\t\t\t\t\t\t\t\t\t\t\t<img loading=\"lazy\" decoding=\"async\" width=\"800\" height=\"174\" src=\"https:\/\/forestmoocforchange.eu\/wp-content\/uploads\/2023\/03\/all-partners-e1680080850449-1024x223.png\" class=\"attachment-large size-large wp-image-28878\" alt=\"\" srcset=\"https:\/\/forestmoocforchange.eu\/wp-content\/uploads\/2023\/03\/all-partners-e1680080850449-1024x223.png 1024w, https:\/\/forestmoocforchange.eu\/wp-content\/uploads\/2023\/03\/all-partners-e1680080850449-300x65.png 300w, https:\/\/forestmoocforchange.eu\/wp-content\/uploads\/2023\/03\/all-partners-e1680080850449-768x168.png 768w, https:\/\/forestmoocforchange.eu\/wp-content\/uploads\/2023\/03\/all-partners-e1680080850449.png 1109w\" sizes=\"auto, (max-width: 800px) 100vw, 800px\" \/>\t\t\t\t\t\t\t\t\t\t\t\t\t\t\t<\/div>\n\t\t\t\t<\/div>\n\t\t\t\t<div class=\"elementor-element elementor-element-19013ed elementor-widget__width-initial elementor-widget elementor-widget-image\" data-id=\"19013ed\" data-element_type=\"widget\" data-widget_type=\"image.default\">\n\t\t\t\t<div class=\"elementor-widget-container\">\n\t\t\t\t\t\t\t\t\t\t\t\t\t\t\t<img loading=\"lazy\" decoding=\"async\" width=\"800\" height=\"168\" src=\"http:\/\/forestmoocforchange.eu\/wp-content\/uploads\/2023\/03\/DE-Kofinanziert-von-der-Europaischen-Union_NEG.png\" class=\"attachment-large size-large wp-image-28937\" alt=\"\" srcset=\"https:\/\/forestmoocforchange.eu\/wp-content\/uploads\/2023\/03\/DE-Kofinanziert-von-der-Europaischen-Union_NEG.png 4247w, https:\/\/forestmoocforchange.eu\/wp-content\/uploads\/2023\/03\/DE-Kofinanziert-von-der-Europaischen-Union_NEG-300x63.png 300w, https:\/\/forestmoocforchange.eu\/wp-content\/uploads\/2023\/03\/DE-Kofinanziert-von-der-Europaischen-Union_NEG-1024x215.png 1024w, https:\/\/forestmoocforchange.eu\/wp-content\/uploads\/2023\/03\/DE-Kofinanziert-von-der-Europaischen-Union_NEG-768x161.png 768w, https:\/\/forestmoocforchange.eu\/wp-content\/uploads\/2023\/03\/DE-Kofinanziert-von-der-Europaischen-Union_NEG-1536x322.png 1536w, https:\/\/forestmoocforchange.eu\/wp-content\/uploads\/2023\/03\/DE-Kofinanziert-von-der-Europaischen-Union_NEG-2048x430.png 2048w, https:\/\/forestmoocforchange.eu\/wp-content\/uploads\/2023\/03\/DE-Kofinanziert-von-der-Europaischen-Union_NEG-18x4.png 18w\" sizes=\"auto, (max-width: 800px) 100vw, 800px\" \/>\t\t\t\t\t\t\t\t\t\t\t\t\t\t\t<\/div>\n\t\t\t\t<\/div>\n\t\t\t\t\t<\/div>\n\t\t<\/div>\n\t\t\t\t<div class=\"elementor-column elementor-col-50 elementor-top-column elementor-element elementor-element-e040a93\" data-id=\"e040a93\" data-element_type=\"column\" data-settings=\"{&quot;background_background&quot;:&quot;classic&quot;}\">\n\t\t\t<div class=\"elementor-widget-wrap\">\n\t\t\t\t\t\t\t\t\t<\/div>\n\t\t<\/div>\n\t\t\t\t\t\t\t<\/div>\n\t\t<\/section>\n\t\t\t\t\t\t\t<\/div>","protected":false},"excerpt":{"rendered":"<p>Cinqui\u00e8me session en mai 2027 Le premier cours en ligne gratuit sur la sylviculture m\u00e9lang\u00e9e \u00e0 couvert continu, disponible en trois langues https:\/\/www.youtube.com\/watch?v=z7BwebzJZQshttps:\/\/youtu.be\/LbuORqscTrkhttps:\/\/youtu.be\/chFB0Lv_4kE Am\u00e9liorer le niveau d\u2019information, de connaissances et de comp\u00e9tences des gestionnaires et propri\u00e9taires forestiers en mati\u00e8re de SMCC afin d\u2019impacter les pratiques au b\u00e9n\u00e9fice d\u2019une gestion adapt\u00e9e face aux enjeux des changements [&hellip;]<\/p>","protected":false},"author":1,"featured_media":28959,"parent":0,"menu_order":0,"comment_status":"closed","ping_status":"closed","template":"elementor_canvas","meta":{"footnotes":""},"class_list":["post-28837","page","type-page","status-publish","has-post-thumbnail","hentry"],"yoast_head":"<!-- This site is optimized with the Yoast SEO plugin v20.4 - https:\/\/yoast.com\/wordpress\/plugins\/seo\/ -->\n<title>Forest Mooc for Change<\/title>\n<meta name=\"description\" content=\"Am\u00e9liorer le niveau d\u2019information, de connaissances et de comp\u00e9tences du public, des gestionnaires et propri\u00e9taires forestiers en mati\u00e8re de SMCC afin d\u2019impacter les pratiques au b\u00e9n\u00e9fice d\u2019une gestion adapt\u00e9e face aux enjeux des changements climatiques.\" \/>\n<meta name=\"robots\" content=\"index, follow, max-snippet:-1, max-image-preview:large, max-video-preview:-1\" \/>\n<link rel=\"canonical\" href=\"https:\/\/forestmoocforchange.eu\/de\/\" \/>\n<meta property=\"og:locale\" content=\"de_DE\" \/>\n<meta property=\"og:type\" content=\"article\" \/>\n<meta property=\"og:title\" content=\"Forest Mooc for Change\" \/>\n<meta property=\"og:description\" content=\"Am\u00e9liorer le niveau d\u2019information, de connaissances et de comp\u00e9tences du public, des gestionnaires et propri\u00e9taires forestiers en mati\u00e8re de SMCC afin d\u2019impacter les pratiques au b\u00e9n\u00e9fice d\u2019une gestion adapt\u00e9e face aux enjeux des changements climatiques.\" \/>\n<meta property=\"og:url\" content=\"https:\/\/forestmoocforchange.eu\/de\/\" \/>\n<meta property=\"og:site_name\" content=\"Forest Mooc for Change\" \/>\n<meta property=\"article:modified_time\" content=\"2026-02-13T08:43:45+00:00\" \/>\n<meta property=\"og:image\" content=\"https:\/\/forestmoocforchange.eu\/wp-content\/uploads\/2023\/05\/vertical.png\" \/>\n\t<meta property=\"og:image:width\" content=\"1046\" \/>\n\t<meta property=\"og:image:height\" content=\"1109\" \/>\n\t<meta property=\"og:image:type\" content=\"image\/png\" \/>\n<meta name=\"twitter:card\" content=\"summary_large_image\" \/>\n<meta name=\"twitter:label1\" content=\"Gesch\u00e4tzte Lesezeit\" \/>\n\t<meta name=\"twitter:data1\" content=\"1\u00a0Minute\" \/>\n<script type=\"application\/ld+json\" class=\"yoast-schema-graph\">{\"@context\":\"https:\/\/schema.org\",\"@graph\":[{\"@type\":\"WebPage\",\"@id\":\"https:\/\/forestmoocforchange.eu\/en\/\",\"url\":\"https:\/\/forestmoocforchange.eu\/en\/\",\"name\":\"Forest Mooc for Change\",\"isPartOf\":{\"@id\":\"https:\/\/forestmoocforchange.eu\/#website\"},\"datePublished\":\"2023-03-28T13:15:15+00:00\",\"dateModified\":\"2026-02-13T08:43:45+00:00\",\"description\":\"Am\u00e9liorer le niveau d\u2019information, de connaissances et de comp\u00e9tences du public, des gestionnaires et propri\u00e9taires forestiers en mati\u00e8re de SMCC afin d\u2019impacter les pratiques au b\u00e9n\u00e9fice d\u2019une gestion adapt\u00e9e face aux enjeux des changements climatiques.\",\"breadcrumb\":{\"@id\":\"https:\/\/forestmoocforchange.eu\/en\/#breadcrumb\"},\"inLanguage\":\"de\",\"potentialAction\":[{\"@type\":\"ReadAction\",\"target\":[\"https:\/\/forestmoocforchange.eu\/en\/\"]}]},{\"@type\":\"BreadcrumbList\",\"@id\":\"https:\/\/forestmoocforchange.eu\/en\/#breadcrumb\",\"itemListElement\":[{\"@type\":\"ListItem\",\"position\":1,\"name\":\"Accueil\",\"item\":\"https:\/\/forestmoocforchange.eu\/en\/\"},{\"@type\":\"ListItem\",\"position\":2,\"name\":\"Home\"}]},{\"@type\":\"WebSite\",\"@id\":\"https:\/\/forestmoocforchange.eu\/#website\",\"url\":\"https:\/\/forestmoocforchange.eu\/\",\"name\":\"Forest Mooc for Change\",\"description\":\"Massive Open Online Course for Forest Change\",\"publisher\":{\"@id\":\"https:\/\/forestmoocforchange.eu\/#organization\"},\"potentialAction\":[{\"@type\":\"SearchAction\",\"target\":{\"@type\":\"EntryPoint\",\"urlTemplate\":\"https:\/\/forestmoocforchange.eu\/?s={search_term_string}\"},\"query-input\":\"required name=search_term_string\"}],\"inLanguage\":\"de\"},{\"@type\":\"Organization\",\"@id\":\"https:\/\/forestmoocforchange.eu\/#organization\",\"name\":\"Forest Mooc for Change\",\"url\":\"https:\/\/forestmoocforchange.eu\/\",\"logo\":{\"@type\":\"ImageObject\",\"inLanguage\":\"de\",\"@id\":\"https:\/\/forestmoocforchange.eu\/#\/schema\/logo\/image\/\",\"url\":\"https:\/\/forestmoocforchange.eu\/wp-content\/uploads\/2023\/05\/horizontal.png\",\"contentUrl\":\"https:\/\/forestmoocforchange.eu\/wp-content\/uploads\/2023\/05\/horizontal.png\",\"width\":1764,\"height\":661,\"caption\":\"Forest Mooc for Change\"},\"image\":{\"@id\":\"https:\/\/forestmoocforchange.eu\/#\/schema\/logo\/image\/\"}}]}<\/script>\n<!-- \/ Yoast SEO plugin. -->","yoast_head_json":{"title":"Forest Mooc for Change","description":"Am\u00e9liorer le niveau d\u2019information, de connaissances et de comp\u00e9tences du public, des gestionnaires et propri\u00e9taires forestiers en mati\u00e8re de SMCC afin d\u2019impacter les pratiques au b\u00e9n\u00e9fice d\u2019une gestion adapt\u00e9e face aux enjeux des changements climatiques.","robots":{"index":"index","follow":"follow","max-snippet":"max-snippet:-1","max-image-preview":"max-image-preview:large","max-video-preview":"max-video-preview:-1"},"canonical":"https:\/\/forestmoocforchange.eu\/de\/","og_locale":"de_DE","og_type":"article","og_title":"Forest Mooc for Change","og_description":"Am\u00e9liorer le niveau d\u2019information, de connaissances et de comp\u00e9tences du public, des gestionnaires et propri\u00e9taires forestiers en mati\u00e8re de SMCC afin d\u2019impacter les pratiques au b\u00e9n\u00e9fice d\u2019une gestion adapt\u00e9e face aux enjeux des changements climatiques.","og_url":"https:\/\/forestmoocforchange.eu\/de\/","og_site_name":"Forest Mooc for Change","article_modified_time":"2026-02-13T08:43:45+00:00","og_image":[{"width":1046,"height":1109,"url":"https:\/\/forestmoocforchange.eu\/wp-content\/uploads\/2023\/05\/vertical.png","type":"image\/png"}],"twitter_card":"summary_large_image","twitter_misc":{"Gesch\u00e4tzte Lesezeit":"1\u00a0Minute"},"schema":{"@context":"https:\/\/schema.org","@graph":[{"@type":"WebPage","@id":"https:\/\/forestmoocforchange.eu\/en\/","url":"https:\/\/forestmoocforchange.eu\/en\/","name":"Forest Mooc for Change","isPartOf":{"@id":"https:\/\/forestmoocforchange.eu\/#website"},"datePublished":"2023-03-28T13:15:15+00:00","dateModified":"2026-02-13T08:43:45+00:00","description":"Am\u00e9liorer le niveau d\u2019information, de connaissances et de comp\u00e9tences du public, des gestionnaires et propri\u00e9taires forestiers en mati\u00e8re de SMCC afin d\u2019impacter les pratiques au b\u00e9n\u00e9fice d\u2019une gestion adapt\u00e9e face aux enjeux des changements climatiques.","breadcrumb":{"@id":"https:\/\/forestmoocforchange.eu\/en\/#breadcrumb"},"inLanguage":"de","potentialAction":[{"@type":"ReadAction","target":["https:\/\/forestmoocforchange.eu\/en\/"]}]},{"@type":"BreadcrumbList","@id":"https:\/\/forestmoocforchange.eu\/en\/#breadcrumb","itemListElement":[{"@type":"ListItem","position":1,"name":"Accueil","item":"https:\/\/forestmoocforchange.eu\/en\/"},{"@type":"ListItem","position":2,"name":"Home"}]},{"@type":"WebSite","@id":"https:\/\/forestmoocforchange.eu\/#website","url":"https:\/\/forestmoocforchange.eu\/","name":"Forest Mooc for Change","description":"Massive Open Online Course for Forest Change","publisher":{"@id":"https:\/\/forestmoocforchange.eu\/#organization"},"potentialAction":[{"@type":"SearchAction","target":{"@type":"EntryPoint","urlTemplate":"https:\/\/forestmoocforchange.eu\/?s={search_term_string}"},"query-input":"required name=search_term_string"}],"inLanguage":"de"},{"@type":"Organization","@id":"https:\/\/forestmoocforchange.eu\/#organization","name":"Forest Mooc for Change","url":"https:\/\/forestmoocforchange.eu\/","logo":{"@type":"ImageObject","inLanguage":"de","@id":"https:\/\/forestmoocforchange.eu\/#\/schema\/logo\/image\/","url":"https:\/\/forestmoocforchange.eu\/wp-content\/uploads\/2023\/05\/horizontal.png","contentUrl":"https:\/\/forestmoocforchange.eu\/wp-content\/uploads\/2023\/05\/horizontal.png","width":1764,"height":661,"caption":"Forest Mooc for Change"},"image":{"@id":"https:\/\/forestmoocforchange.eu\/#\/schema\/logo\/image\/"}}]}},"_links":{"self":[{"href":"https:\/\/forestmoocforchange.eu\/de\/wp-json\/wp\/v2\/pages\/28837","targetHints":{"allow":["GET"]}}],"collection":[{"href":"https:\/\/forestmoocforchange.eu\/de\/wp-json\/wp\/v2\/pages"}],"about":[{"href":"https:\/\/forestmoocforchange.eu\/de\/wp-json\/wp\/v2\/types\/page"}],"author":[{"embeddable":true,"href":"https:\/\/forestmoocforchange.eu\/de\/wp-json\/wp\/v2\/users\/1"}],"replies":[{"embeddable":true,"href":"https:\/\/forestmoocforchange.eu\/de\/wp-json\/wp\/v2\/comments?post=28837"}],"version-history":[{"count":142,"href":"https:\/\/forestmoocforchange.eu\/de\/wp-json\/wp\/v2\/pages\/28837\/revisions"}],"predecessor-version":[{"id":29315,"href":"https:\/\/forestmoocforchange.eu\/de\/wp-json\/wp\/v2\/pages\/28837\/revisions\/29315"}],"wp:featuredmedia":[{"embeddable":true,"href":"https:\/\/forestmoocforchange.eu\/de\/wp-json\/wp\/v2\/media\/28959"}],"wp:attachment":[{"href":"https:\/\/forestmoocforchange.eu\/de\/wp-json\/wp\/v2\/media?parent=28837"}],"curies":[{"name":"wp","href":"https:\/\/api.w.org\/{rel}","templated":true}]}}